{"id":35583,"date":"2017-09-22T09:17:00","date_gmt":"2017-09-22T09:17:00","guid":{"rendered":"https:\/\/adlerbuettnerstiftung.de\/?page_id=35583\/"},"modified":"2017-09-22T10:40:44","modified_gmt":"2017-09-22T10:40:44","slug":"impressum","status":"publish","type":"page","link":"https:\/\/adlerbuettnerstiftung.de\/en\/impressum\/","title":{"rendered":"Imprint"},"content":{"rendered":"<p>[et_pb_section bb_built=&#8221;1&#8243; admin_label=&#8221;Sektion&#8221; custom_padding=&#8221;0px|0px|0px|0px&#8221; fullwidth=&#8221;on&#8221; _builder_version=&#8221;3.0.47&#8243;][et_pb_fullwidth_image admin_label=&#8221;Volle Breite des Bildes&#8221; src=&#8221;https:\/\/adlerbuettnerstiftung.de\/wp-content\/uploads\/2017\/06\/Adler-Buettner-Stiftung-header.jpg&#8221; _builder_version=&#8221;3.0.51&#8243; \/][\/et_pb_section][et_pb_section bb_built=&#8221;1&#8243; admin_label=&#8221;7-14 Content Divi Layout Kit&#8221; custom_padding=&#8221;32px|100px|23px|100px&#8221; module_class=&#8221;content7&#8243; _builder_version=&#8221;3.0.51&#8243; custom_padding_tablet=&#8221;32px|30px|23px|30px&#8221; custom_padding_last_edited=&#8221;on|tablet&#8221;][et_pb_row admin_label=&#8221;Row&#8221; custom_padding=&#8221;60px||2px|&#8221; parallax_method_1=&#8221;off&#8221; _builder_version=&#8221;3.0.51&#8243; background_size=&#8221;initial&#8221; background_position=&#8221;top_left&#8221; background_repeat=&#8221;repeat&#8221;][et_pb_column type=&#8221;4_4&#8243;][et_pb_cta admin_label=&#8221;Impressum&#8221; title=&#8221;Impressum&#8221; use_background_color=&#8221;off&#8221; _builder_version=&#8221;3.0.51&#8243; header_font=&#8221;Times New Roman||on||&#8221; header_font_size=&#8221;60&#8243; header_font_size_tablet=&#8221;30&#8243; header_font_size_last_edited=&#8221;on|desktop&#8221; header_text_color=&#8221;#664433&#8243; body_font=&#8221;Open Sans||||&#8221; body_font_size=&#8221;18&#8243; body_text_color=&#8221;#212121&#8243; background_size=&#8221;initial&#8221; background_position=&#8221;top_left&#8221; background_repeat=&#8221;repeat&#8221; custom_css_promo_description=&#8221;line-height: 140%;&#8221; custom_css_promo_title=&#8221; line-height: 116%;|| max-width: 880px;|| margin: 0 auto;|| padding-bottom: 45px;&#8221; \/][\/et_pb_column][\/et_pb_row][et_pb_row admin_label=&#8221;Row&#8221; custom_padding=&#8221;39px||2px|&#8221; parallax_method_1=&#8221;off&#8221; _builder_version=&#8221;3.0.47&#8243; background_size=&#8221;initial&#8221; background_position=&#8221;top_left&#8221; background_repeat=&#8221;repeat&#8221;][et_pb_column type=&#8221;4_4&#8243;][et_pb_cta admin_label=&#8221;Adler B\u00fcttner Stiftung&#8221; title=&#8221;ADLER B\u00dcTTNER STIFTUNG&#8221; url_new_window=&#8221;on&#8221; use_background_color=&#8221;off&#8221; text_orientation=&#8221;left&#8221; module_id=&#8221;organe&#8221; _builder_version=&#8221;3.0.51&#8243; header_font=&#8221;Open Sans|on|||&#8221; header_font_size=&#8221;25&#8243; header_text_color=&#8221;#1f2346&#8243; background_size=&#8221;initial&#8221; background_position=&#8221;top_left&#8221; background_repeat=&#8221;repeat&#8221; custom_margin=&#8221;||0px|&#8221; custom_css_promo_title=&#8221; padding-bottom: 4px;&#8221; \/][\/et_pb_column][\/et_pb_row][et_pb_row admin_label=&#8221;Zeile&#8221; _builder_version=&#8221;3.0.47&#8243; background_size=&#8221;initial&#8221; background_position=&#8221;top_left&#8221; background_repeat=&#8221;repeat&#8221;][et_pb_column type=&#8221;3_4&#8243;][et_pb_text admin_label=&#8221;Text&#8221; _builder_version=&#8221;3.0.51&#8243; text_font=&#8221;Open Sans||||&#8221; text_font_size=&#8221;16&#8243; text_text_color=&#8221;#000000&#8243; background_size=&#8221;initial&#8221; background_position=&#8221;top_left&#8221; background_repeat=&#8221;repeat&#8221; custom_padding=&#8221;2px|||&#8221; custom_css_main_element=&#8221; line-height: 165%;&#8221; background_layout=&#8221;light&#8221; text_orientation=&#8221;left&#8221; border_style=&#8221;solid&#8221;]<\/p>\n<p><strong>Angaben gem\u00e4\u00df \u00a7 5 Telemediengesetz (TMG):<\/strong><\/p>\n<p><strong>ADLER B\u00dcTTNER STIFTUNG<\/strong><br \/>\nStr\u00e4hlerweg 109<br \/>\n76227 Karlsruhe<br \/>\nDeutschland<br \/>\nTel.: +49 (0)721 40 89 03<br \/>\nE-Mail: <a href=\"mailto:kontakt@adlerbuettnerstiftung.de\">kontakt@adlerbuettnerstiftung.de<\/a><\/p>\n<p><strong>Vertreten durch<\/strong><br \/>\nDr. Hermann B\u00fcttner<\/p>\n<p>Anerkennung als rechtsf\u00e4hige Stiftung des b\u00fcrgerlichen Rechts durch<br \/>\nBescheid des Regierungspr\u00e4sidiums Karlsruhe vom 8. Juli 2016<\/p>\n<p><strong>Aufsichtsbeh\u00f6rde:<\/strong> Regierungspr\u00e4sidium Karlsruhe<\/p>\n<p><strong>Verantwortlicher f\u00fcr den Inhalt ist gem\u00e4\u00df \u00a7 55 Abs. 2 Rundfunkstaatsvertrag (RStV):<\/strong><br \/>\nDr. Hermann B\u00fcttner<\/p>\n<p><strong>Spendenkonto<br \/>\n<\/strong>ADLER B\u00dcTTNER STIFTUNG<br \/>\nCommerzbank Mannheim<br \/>\nIBAN:\u00a0DE32 6704 0031 0311 7744 00<br \/>\nSWIFT-CODE: COBADEFFXXX<\/p>\n<p><strong>Website-Design und Realisation<\/strong><br \/>\nGrafikb\u00fcro LINIENSTARK<br \/>\n<a href=\"http:\/\/www.linienstark.de\" target=\"_blank\" rel=\"noopener\">www.linienstark.de<\/a><\/p>\n<p>[\/et_pb_text][\/et_pb_column][et_pb_column type=&#8221;1_4&#8243;][\/et_pb_column][\/et_pb_row][\/et_pb_section][et_pb_section bb_built=&#8221;1&#8243; admin_label=&#8221;7-14 Content Divi Layout Kit&#8221; custom_padding=&#8221;32px|100px|71px|100px&#8221; module_class=&#8221;content7&#8243; _builder_version=&#8221;3.0.51&#8243; custom_padding_tablet=&#8221;32px|30px|71px|30px&#8221; custom_padding_last_edited=&#8221;on|tablet&#8221;][et_pb_row admin_label=&#8221;Row&#8221; custom_padding=&#8221;|0px||&#8221; custom_padding_tablet=&#8221;0px|0px||&#8221; parallax_method_1=&#8221;off&#8221; parallax_method_2=&#8221;off&#8221; custom_padding_last_edited=&#8221;on|desktop&#8221; _builder_version=&#8221;3.0.47&#8243; background_size=&#8221;initial&#8221; background_position=&#8221;top_left&#8221; background_repeat=&#8221;repeat&#8221;][et_pb_column type=&#8221;1_3&#8243;][et_pb_cta admin_label=&#8221;Mediennachweise&#8221; title=&#8221;Mediennachweise&#8221; url_new_window=&#8221;on&#8221; use_background_color=&#8221;off&#8221; text_orientation=&#8221;left&#8221; _builder_version=&#8221;3.0.51&#8243; header_font=&#8221;Open Sans|on|||&#8221; header_font_size=&#8221;20&#8243; header_text_color=&#8221;#1f2346&#8243; background_size=&#8221;initial&#8221; background_position=&#8221;top_left&#8221; background_repeat=&#8221;repeat&#8221; custom_margin=&#8221;||0px|&#8221; custom_css_promo_title=&#8221; padding-bottom: 4px;&#8221; \/][et_pb_text admin_label=&#8221;Text&#8221; _builder_version=&#8221;3.0.51&#8243; text_font=&#8221;Open Sans||||&#8221; text_font_size=&#8221;16&#8243; text_text_color=&#8221;#000000&#8243; background_size=&#8221;initial&#8221; background_position=&#8221;top_left&#8221; background_repeat=&#8221;repeat&#8221; custom_padding=&#8221;2px|||&#8221; custom_css_main_element=&#8221; line-height: 165%;&#8221; background_layout=&#8221;light&#8221; text_orientation=&#8221;left&#8221; border_style=&#8221;solid&#8221;]<\/p>\n<p><strong>Hintergrundmusik:<\/strong><br \/>\nEin Mitschnitt des<br \/>\n<img loading=\"lazy\" decoding=\"async\" class=\"alignnone wp-image-35244\" src=\"https:\/\/adlerbuettnerstiftung.de\/wp-content\/uploads\/2017\/06\/SWR_Logo_RGB-300x88.jpg\" alt=\"\" width=\"150\" height=\"44\" srcset=\"https:\/\/adlerbuettnerstiftung.de\/wp-content\/uploads\/2017\/06\/SWR_Logo_RGB-300x88.jpg 300w, https:\/\/adlerbuettnerstiftung.de\/wp-content\/uploads\/2017\/06\/SWR_Logo_RGB-768x226.jpg 768w, https:\/\/adlerbuettnerstiftung.de\/wp-content\/uploads\/2017\/06\/SWR_Logo_RGB-1024x301.jpg 1024w, https:\/\/adlerbuettnerstiftung.de\/wp-content\/uploads\/2017\/06\/SWR_Logo_RGB-1080x318.jpg 1080w, https:\/\/adlerbuettnerstiftung.de\/wp-content\/uploads\/2017\/06\/SWR_Logo_RGB.jpg 1746w\" sizes=\"(max-width: 150px) 100vw, 150px\" \/><\/p>\n<p><em>Joseph Haydn, Klaviertrio G-Dur Hob. XV<br \/>\nNr. 41 \u2013 3. Satz Adagio<br \/>\n<\/em><em>Triantafyllos Liotis (Klavier)<br \/>\n<\/em><em>Farida Rustamova (Violine)<br \/>\n<\/em><em>Theresa Pelz (Violoncello)<\/em><\/p>\n<p><strong>Bildnachweise:<br \/>\n<\/strong>Titelbild Startseite:<strong><br \/>\n<\/strong><em>Schloss Gottesaue Karlsruhe \u2013 <\/em><strong><a href=\"http:\/\/schopohl.photography\" target=\"_blank\" rel=\"noopener\"><em>\u00a9 Stefan Schopohl<\/em><\/a><\/strong><\/p>\n<p>Hochschule f\u00fcr Musik Karlsruhe:<br \/>\n<em>Wolfgang-Rihm-Forum<\/em><\/p>\n<p>Privatfotografie Familie B\u00fcttner:<br \/>\n<em>Hemingway-Lounge<\/em><\/p>\n<p>Fotolia:<br \/>\n<em>Presse Nachrichten \u2013 \u00a9 svort<\/em><br \/>\n<em>Sheet music \u2013 \u00a9 BillionPhotos.com<\/em><br \/>\n<em>Musik &#8211; Klassik und Rosen \u2013 \u00a9 PhotoSG<\/em><br \/>\n<em>Woman&#8217;s hands on the keyboard \u2013 \u00a9 Studio_3321<\/em><br \/>\n<em>Piano and cello \u2013 \u00a9 Minerva Studio<\/em><br \/>\n<em>Violin on the piano \u2013 \u00a9 ittipol<\/em><\/p>\n<p>[\/et_pb_text][\/et_pb_column][et_pb_column type=&#8221;1_3&#8243;][\/et_pb_column][et_pb_column type=&#8221;1_3&#8243;][\/et_pb_column][\/et_pb_row][et_pb_row admin_label=&#8221;Zeile&#8221; _builder_version=&#8221;3.0.47&#8243; background_size=&#8221;initial&#8221; background_position=&#8221;top_left&#8221; background_repeat=&#8221;repeat&#8221; custom_padding=&#8221;60px|0px|26.7667px|0px&#8221;][et_pb_column type=&#8221;3_4&#8243;][et_pb_cta admin_label=&#8221;Ausschluss der Haftung&#8221; title=&#8221;Ausschluss der Haftung&#8221; url_new_window=&#8221;on&#8221; use_background_color=&#8221;off&#8221; text_orientation=&#8221;left&#8221; _builder_version=&#8221;3.0.51&#8243; header_font=&#8221;Open Sans|on|||&#8221; header_font_size=&#8221;20&#8243; header_text_color=&#8221;#1f2346&#8243; background_size=&#8221;initial&#8221; background_position=&#8221;top_left&#8221; background_repeat=&#8221;repeat&#8221; custom_margin=&#8221;||0px|&#8221; custom_css_promo_title=&#8221; padding-bottom: 4px;&#8221; \/][et_pb_text admin_label=&#8221;Text&#8221; _builder_version=&#8221;3.0.51&#8243; text_font=&#8221;Open Sans||||&#8221; text_font_size=&#8221;16&#8243; text_text_color=&#8221;#000000&#8243; background_size=&#8221;initial&#8221; background_position=&#8221;top_left&#8221; background_repeat=&#8221;repeat&#8221; custom_padding=&#8221;2px|||&#8221; custom_css_main_element=&#8221; line-height: 165%;&#8221; background_layout=&#8221;light&#8221; text_orientation=&#8221;left&#8221; border_style=&#8221;solid&#8221;]<\/p>\n<p><strong>Haftung f\u00fcr Inhalte<\/strong><\/p>\n<p>Die Inhalte dieser Website werden mit gr\u00f6\u00dftm\u00f6glicher Sorgfalt erstellt. Der Anbieter \u00fcbernimmt jedoch keine Gew\u00e4hr f\u00fcr die Richtigkeit, Vollst\u00e4ndigkeit und Aktualit\u00e4t der bereitgestellten Inhalte. Die Nutzung der Inhalte der Website erfolgt auf eigene Gefahr des Nutzers. Namentlich gekennzeichnete Beitr\u00e4ge geben die Meinung des jeweiligen Autors und nicht immer die Meinung des Anbieters wieder. Mit der reinen Nutzung der Website des Anbieters kommt keinerlei Vertragsverh\u00e4ltnis zwischen dem Nutzer und dem Anbieter zustande.<\/p>\n<p>&nbsp;<\/p>\n<p><strong>Haftung f\u00fcr Links<\/strong><\/p>\n<p>Diese Website enth\u00e4lt Verkn\u00fcpfungen zu Websites Dritter (&#8220;externe Links&#8221;). Diese Websites unterliegen der Haftung der jeweiligen Betreiber. Der Anbieter hat bei der erstmaligen Verkn\u00fcpfung der externen Links die fremden Inhalte daraufhin \u00fcberpr\u00fcft, ob etwaige Rechtsverst\u00f6\u00dfe bestehen. Zu dem Zeitpunkt waren keine Rechtsverst\u00f6\u00dfe ersichtlich. Der Anbieter hat keinerlei Einfluss auf die aktuelle und zuk\u00fcnftige Gestaltung und auf die Inhalte der verkn\u00fcpften Seiten. Das Setzen von externen Links bedeutet nicht, dass sich der Anbieter die hinter dem Verweis oder <abbr title=\"Verkn\u00fcpfung\">Link<\/abbr> liegenden Inhalte zu eigen macht. Eine st\u00e4ndige Kontrolle dieser externen Links ist f\u00fcr den Anbieter ohne konkrete Hinweise auf Rechtsverst\u00f6\u00dfe nicht zumutbar. Bei Kenntnis von Rechtsverst\u00f6\u00dfen werden jedoch derartige externe Links unverz\u00fcglich gel\u00f6scht.<\/p>\n<p>&nbsp;<\/p>\n<p><strong>Urheberrecht und Leistungsschutzrechte<\/strong><\/p>\n<p>Die auf dieser Website ver\u00f6ffentlichten Inhalte unterliegen dem deutschen Urheber- und Leistungsschutzrecht. Jede vom deutschen Urheber- und Leistungsschutzrecht nicht zugelassene Verwertung bedarf der vorherigen schriftlichen Zustimmung des Anbieters oder jeweiligen Rechteinhabers. Dies gilt insbesondere f\u00fcr Vervielf\u00e4ltigung, Bearbeitung, \u00dcbersetzung, Einspeicherung, Verarbeitung bzw. Wiedergabe von Inhalten in Datenbanken oder anderen elektronischen Medien und Systemen. Inhalte und Rechte Dritter sind dabei als solche gekennzeichnet. Die unerlaubte Vervielf\u00e4ltigung oder Weitergabe einzelner Inhalte oder kompletter Seiten ist nicht gestattet und strafbar. Lediglich die Herstellung von Kopien und Downloads f\u00fcr den pers\u00f6nlichen, privaten und nicht kommerziellen Gebrauch ist erlaubt. Die Darstellung dieser Website in fremden Frames ist nur mit schriftlicher Erlaubnis zul\u00e4ssig.<\/p>\n<p>&nbsp;<\/p>\n<p><strong>Datenschutz<\/strong><\/p>\n<p>Durch den Besuch der Website des Anbieters k\u00f6nnen Informationen \u00fcber den Zugriff (Datum, Uhrzeit, betrachtete Seite) gespeichert werden. Diese Daten geh\u00f6ren nicht zu den personenbezogenen Daten, sondern sind anonymisiert. Sie werden ausschlie\u00dflich zu statistischen Zwecken ausgewertet. Eine Weitergabe an Dritte, zu kommerziellen oder nichtkommerziellen Zwecken, findet nicht statt.<\/p>\n<p>Der Anbieter weist ausdr\u00fccklich darauf hin, dass die Daten\u00fcbertragung im Internet (<abbr title=\"zum Beispiel\">z. B.<\/abbr> bei der Kommunikation per E-Mail) Sicherheitsl\u00fccken aufweisen und nicht l\u00fcckenlos vor dem Zugriff durch Dritte gesch\u00fctzt werden kann.<\/p>\n<p>Die Verwendung der Kontaktdaten des Impressums zur gewerblichen Werbung ist ausdr\u00fccklich nicht erw\u00fcnscht, es sei denn der Anbieter hatte zuvor seine schriftliche Einwilligung erteilt oder es besteht bereits eine Gesch\u00e4ftsbeziehung. Der Anbieter und alle auf dieser Website genannten Personen widersprechen hiermit jeder kommerziellen Verwendung und Weitergabe ihrer Daten.<\/p>\n<p>[\/et_pb_text][\/et_pb_column][et_pb_column type=&#8221;1_4&#8243;][\/et_pb_column][\/et_pb_row][\/et_pb_section][et_pb_section bb_built=&#8221;1&#8243; admin_label=&#8221;Sektion&#8221; custom_padding=&#8221;20px|0px|20px|0px&#8221; _builder_version=&#8221;3.0.47&#8243;][et_pb_row admin_label=&#8221;Zeile&#8221; _builder_version=&#8221;3.0.47&#8243; background_size=&#8221;initial&#8221; background_position=&#8221;top_left&#8221; background_repeat=&#8221;repeat&#8221;][et_pb_column type=&#8221;1_4&#8243;][et_pb_cta admin_label=&#8221;Kontakt Information&#8221; title=&#8221;Kontakt Information&#8221; use_background_color=&#8221;off&#8221; background_layout=&#8221;light&#8221; text_orientation=&#8221;left&#8221; _builder_version=&#8221;3.0.51&#8243; header_font=&#8221;Open Sans|on|||&#8221; header_font_size=&#8221;16&#8243; header_text_color=&#8221;#664433&#8243; body_font=&#8221;Open Sans||||&#8221; body_font_size=&#8221;16&#8243; body_text_color=&#8221;#000000&#8243; background_size=&#8221;initial&#8221; background_position=&#8221;top_left&#8221; background_repeat=&#8221;repeat&#8221; custom_css_promo_description=&#8221; padding-bottom: 0 !important;&#8221; custom_css_promo_title=&#8221; padding-bottom: 11px;&#8221;] ADLER B\u00dcTTNER STIFTUNG [\/et_pb_cta][\/et_pb_column][et_pb_column type=&#8221;1_4&#8243;][et_pb_cta admin_label=&#8221;E-Mail&#8221; title=&#8221;E-Mail&#8221; use_background_color=&#8221;off&#8221; background_layout=&#8221;light&#8221; text_orientation=&#8221;left&#8221; _builder_version=&#8221;3.0.51&#8243; header_font=&#8221;Open Sans|on|||&#8221; header_font_size=&#8221;16&#8243; header_text_color=&#8221;#664433&#8243; body_font=&#8221;Open Sans||||&#8221; body_font_size=&#8221;16&#8243; body_text_color=&#8221;#000000&#8243; background_size=&#8221;initial&#8221; background_position=&#8221;top_left&#8221; background_repeat=&#8221;repeat&#8221; custom_css_promo_description=&#8221; padding-bottom: 0 !important;&#8221; custom_css_promo_title=&#8221; padding-bottom: 11px;&#8221; url_new_window=&#8221;off&#8221; border_style=&#8221;solid&#8221; custom_button=&#8221;off&#8221; button_letter_spacing=&#8221;0&#8243; button_icon_placement=&#8221;right&#8221; button_letter_spacing_hover=&#8221;0&#8243;]<\/p>\n<p><a href=\"mailto:kontakt@adlerbuettnerstiftung.de\">kontakt@adlerbuettnerstiftung.de<\/a><\/p>\n<p>[\/et_pb_cta][\/et_pb_column][et_pb_column type=&#8221;1_4&#8243;][et_pb_cta admin_label=&#8221;Telefon&#8221; title=&#8221;Telefon&#8221; use_background_color=&#8221;off&#8221; background_layout=&#8221;light&#8221; text_orientation=&#8221;left&#8221; _builder_version=&#8221;3.0.51&#8243; header_font=&#8221;Open Sans|on|||&#8221; header_font_size=&#8221;16&#8243; header_text_color=&#8221;#664433&#8243; body_font=&#8221;Open Sans||||&#8221; body_font_size=&#8221;16&#8243; body_text_color=&#8221;#000000&#8243; background_size=&#8221;initial&#8221; background_position=&#8221;top_left&#8221; background_repeat=&#8221;repeat&#8221; custom_css_promo_description=&#8221; padding-bottom: 0 !important;&#8221; custom_css_promo_title=&#8221; padding-bottom: 11px;&#8221; url_new_window=&#8221;off&#8221; border_style=&#8221;solid&#8221; custom_button=&#8221;off&#8221; button_letter_spacing=&#8221;0&#8243; button_icon_placement=&#8221;right&#8221; button_letter_spacing_hover=&#8221;0&#8243;]<\/p>\n<p>+49 (0)721 40 89 03<\/p>\n<p>[\/et_pb_cta][\/et_pb_column][et_pb_column type=&#8221;1_4&#8243;][et_pb_cta admin_label=&#8221;Adresse&#8221; title=&#8221;Adresse&#8221; use_background_color=&#8221;off&#8221; background_layout=&#8221;light&#8221; text_orientation=&#8221;left&#8221; _builder_version=&#8221;3.0.51&#8243; header_font=&#8221;Open Sans|on|||&#8221; header_font_size=&#8221;16&#8243; header_text_color=&#8221;#664433&#8243; body_font=&#8221;Open Sans||||&#8221; body_font_size=&#8221;16&#8243; body_text_color=&#8221;#000000&#8243; background_size=&#8221;initial&#8221; background_position=&#8221;top_left&#8221; background_repeat=&#8221;repeat&#8221; custom_css_promo_description=&#8221; padding-bottom: 0 !important;&#8221; custom_css_promo_title=&#8221; padding-bottom: 11px;&#8221; url_new_window=&#8221;off&#8221; border_style=&#8221;solid&#8221; custom_button=&#8221;off&#8221; button_letter_spacing=&#8221;0&#8243; button_icon_placement=&#8221;right&#8221; button_letter_spacing_hover=&#8221;0&#8243;]<\/p>\n<p>Str\u00e4hlerweg 109, D-76227 Karlsruhe<\/p>\n<p>[\/et_pb_cta][\/et_pb_column][\/et_pb_row][\/et_pb_section]<\/p>\n","protected":false},"excerpt":{"rendered":"<p>Angaben gem\u00e4\u00df \u00a7 5 Telemediengesetz (TMG): ADLER B\u00dcTTNER STIFTUNG Str\u00e4hlerweg 109 76227 Karlsruhe Deutschland Tel.: +49 (0)721 40 89 03 E-Mail: kontakt@adlerbuettnerstiftung.de Vertreten durch Dr. Hermann B\u00fcttner Anerkennung als rechtsf\u00e4hige Stiftung des b\u00fcrgerlichen Rechts durch Bescheid des Regierungspr\u00e4sidiums Karlsruhe vom 8. Juli 2016 Aufsichtsbeh\u00f6rde: Regierungspr\u00e4sidium Karlsruhe Verantwortlicher f\u00fcr den Inhalt ist gem\u00e4\u00df \u00a7 55 Abs. [&hellip;]<\/p>\n","protected":false},"author":1,"featured_media":0,"parent":0,"menu_order":70,"comment_status":"closed","ping_status":"closed","template":"","meta":{"_et_pb_use_builder":"on","_et_pb_old_content":"","_et_gb_content_width":"","footnotes":""},"class_list":["post-35583","page","type-page","status-publish","hentry"],"_links":{"self":[{"href":"https:\/\/adlerbuettnerstiftung.de\/en\/wp-json\/wp\/v2\/pages\/35583","targetHints":{"allow":["GET"]}}],"collection":[{"href":"https:\/\/adlerbuettnerstiftung.de\/en\/wp-json\/wp\/v2\/pages"}],"about":[{"href":"https:\/\/adlerbuettnerstiftung.de\/en\/wp-json\/wp\/v2\/types\/page"}],"author":[{"embeddable":true,"href":"https:\/\/adlerbuettnerstiftung.de\/en\/wp-json\/wp\/v2\/users\/1"}],"replies":[{"embeddable":true,"href":"https:\/\/adlerbuettnerstiftung.de\/en\/wp-json\/wp\/v2\/comments?post=35583"}],"version-history":[{"count":2,"href":"https:\/\/adlerbuettnerstiftung.de\/en\/wp-json\/wp\/v2\/pages\/35583\/revisions"}],"predecessor-version":[{"id":35611,"href":"https:\/\/adlerbuettnerstiftung.de\/en\/wp-json\/wp\/v2\/pages\/35583\/revisions\/35611"}],"wp:attachment":[{"href":"https:\/\/adlerbuettnerstiftung.de\/en\/wp-json\/wp\/v2\/media?parent=35583"}],"curies":[{"name":"wp","href":"https:\/\/api.w.org\/{rel}","templated":true}]}}